{"id":282,"date":"2025-10-03T10:42:18","date_gmt":"2025-10-03T08:42:18","guid":{"rendered":"https:\/\/blirtyapp.com\/?page_id=282"},"modified":"2025-12-15T21:15:05","modified_gmt":"2025-12-15T20:15:05","slug":"regulamin-ochrona-dzieci","status":"publish","type":"page","link":"https:\/\/blirtyapp.com\/index.php\/regulamin-ochrona-dzieci\/","title":{"rendered":"Ochrona dzieci"},"content":{"rendered":"\n<p>Blirty jest portalem spo\u0142eczno\u015bciowym przeznaczonym os\u00f3b, <strong>kt\u00f3re uko\u0144czy\u0142y 18 lat<\/strong>. Celem Blirty jest dostarczenie<br>aplikacji mobilnej pozwalaj\u0105cej u\u017cytkownikom dzieli\u0107 si\u0119 informacjami na sw\u00f3j temat, a tak\u017ce komunikowa\u0107 si\u0119<br>z innymi u\u017cytkownikami i nawi\u0105zywa\u0107 relacje towarzyskie.<\/p>\n\n\n\n<p>Zabronione w ka\u017cdym wypadku jest publikowanie, przesy\u0142anie lub w jakikolwiek spos\u00f3b udost\u0119pnianie w<br>ramach Aplikacji tre\u015bci i materia\u0142\u00f3w o charakterze pornograficznym. Tre\u015bci naruszaj\u0105ce s\u0105 niezw\u0142ocznie usuwane, a konta mog\u0105 zosta\u0107 zablokowane.<\/p>\n\n\n\n<p>Je\u015bli zauwa\u017cysz naruszenie, zg\u0142o\u015b je e-mailem na: <strong>support@blirtyapp.com<\/strong><\/p>\n\n\n\n<p><\/p>\n","protected":false},"excerpt":{"rendered":"<p>Blirty jest portalem spo\u0142eczno\u015bciowym przeznaczonym os\u00f3b, kt\u00f3re uko\u0144czy\u0142y 18 lat. Celem Blirty jest dostarczenieaplikacji mobilnej pozwalaj\u0105cej u\u017cytkownikom dzieli\u0107 si\u0119 informacjami [&hellip;]<\/p>\n","protected":false},"author":1,"featured_media":0,"parent":0,"menu_order":0,"comment_status":"closed","ping_status":"closed","template":"","meta":{"_uag_custom_page_level_css":"","site-sidebar-layout":"default","site-content-layout":"","ast-site-content-layout":"","site-content-style":"default","site-sidebar-style":"default","ast-global-header-display":"","ast-banner-title-visibility":"","ast-main-header-display":"","ast-hfb-above-header-display":"","ast-hfb-below-header-display":"","ast-hfb-mobile-header-display":"","site-post-title":"","ast-breadcrumbs-content":"","ast-featured-img":"","footer-sml-layout":"","theme-transparent-header-meta":"","adv-header-id-meta":"","stick-header-meta":"","header-above-stick-meta":"","header-main-stick-meta":"","header-below-stick-meta":"","astra-migrate-meta-layouts":"default","ast-page-background-enabled":"default","ast-page-background-meta":{"desktop":{"background-color":"var(--ast-global-color-5)","background-image":"","background-repeat":"repeat","background-position":"center center","background-size":"auto","background-attachment":"scroll","background-type":"","background-media":"","overlay-type":"","overlay-color":"","overlay-opacity":"","overlay-gradient":""},"tablet":{"background-color":"","background-image":"","background-repeat":"repeat","background-position":"center center","background-size":"auto","background-attachment":"scroll","background-type":"","background-media":"","overlay-type":"","overlay-color":"","overlay-opacity":"","overlay-gradient":""},"mobile":{"background-color":"","background-image":"","background-repeat":"repeat","background-position":"center center","background-size":"auto","background-attachment":"scroll","background-type":"","background-media":"","overlay-type":"","overlay-color":"","overlay-opacity":"","overlay-gradient":""}},"ast-content-background-meta":{"desktop":{"background-color":"var(--ast-global-color-4)","background-image":"","background-repeat":"repeat","background-position":"center center","background-size":"auto","background-attachment":"scroll","background-type":"","background-media":"","overlay-type":"","overlay-color":"","overlay-opacity":"","overlay-gradient":""},"tablet":{"background-color":"var(--ast-global-color-4)","background-image":"","background-repeat":"repeat","background-position":"center center","background-size":"auto","background-attachment":"scroll","background-type":"","background-media":"","overlay-type":"","overlay-color":"","overlay-opacity":"","overlay-gradient":""},"mobile":{"background-color":"var(--ast-global-color-4)","background-image":"","background-repeat":"repeat","background-position":"center center","background-size":"auto","background-attachment":"scroll","background-type":"","background-media":"","overlay-type":"","overlay-color":"","overlay-opacity":"","overlay-gradient":""}},"footnotes":""},"class_list":["post-282","page","type-page","status-publish","hentry"],"uagb_featured_image_src":{"full":false,"thumbnail":false,"medium":false,"medium_large":false,"large":false,"1536x1536":false,"2048x2048":false},"uagb_author_info":{"display_name":"admin-iPcaUszA","author_link":"https:\/\/blirtyapp.com\/index.php\/author\/admin-ipcausza\/"},"uagb_comment_info":0,"uagb_excerpt":"Blirty jest portalem spo\u0142eczno\u015bciowym przeznaczonym os\u00f3b, kt\u00f3re uko\u0144czy\u0142y 18 lat. Celem Blirty jest dostarczenieaplikacji mobilnej pozwalaj\u0105cej u\u017cytkownikom dzieli\u0107 si\u0119 informacjami [&hellip;]","jetpack_sharing_enabled":true,"_links":{"self":[{"href":"https:\/\/blirtyapp.com\/index.php\/wp-json\/wp\/v2\/pages\/282","targetHints":{"allow":["GET"]}}],"collection":[{"href":"https:\/\/blirtyapp.com\/index.php\/wp-json\/wp\/v2\/pages"}],"about":[{"href":"https:\/\/blirtyapp.com\/index.php\/wp-json\/wp\/v2\/types\/page"}],"author":[{"embeddable":true,"href":"https:\/\/blirtyapp.com\/index.php\/wp-json\/wp\/v2\/users\/1"}],"replies":[{"embeddable":true,"href":"https:\/\/blirtyapp.com\/index.php\/wp-json\/wp\/v2\/comments?post=282"}],"version-history":[{"count":3,"href":"https:\/\/blirtyapp.com\/index.php\/wp-json\/wp\/v2\/pages\/282\/revisions"}],"predecessor-version":[{"id":329,"href":"https:\/\/blirtyapp.com\/index.php\/wp-json\/wp\/v2\/pages\/282\/revisions\/329"}],"wp:attachment":[{"href":"https:\/\/blirtyapp.com\/index.php\/wp-json\/wp\/v2\/media?parent=282"}],"curies":[{"name":"wp","href":"https:\/\/api.w.org\/{rel}","templated":true}]}}